{"id":166,"date":"2026-02-27T02:12:01","date_gmt":"2026-02-27T07:12:01","guid":{"rendered":"http:\/\/travelwp.physcode.com\/maindemo\/?page_id=166"},"modified":"2026-05-05T15:31:05","modified_gmt":"2026-05-05T20:31:05","slug":"nosotros","status":"publish","type":"page","link":"https:\/\/webztudio.pro\/demos\/reefpty\/nosotros\/","title":{"rendered":"Nosotros"},"content":{"rendered":"\t\t<div data-elementor-type=\"wp-page\" data-elementor-id=\"166\" class=\"elementor elementor-166\" data-elementor-post-type=\"page\">\n\t\t\t\t<div class=\"elementor-element elementor-element-d7c4e60 e-flex e-con-boxed e-con e-parent\" data-id=\"d7c4e60\" data-element_type=\"container\" data-e-type=\"container\">\n\t\t\t\t\t<div class=\"e-con-inner\">\n\t\t<div class=\"elementor-element elementor-element-76177db e-con-full e-flex e-con e-child\" data-id=\"76177db\" data-element_type=\"container\" data-e-type=\"container\" data-settings=\"{&quot;background_background&quot;:&quot;classic&quot;}\">\n\t\t\t\t<div class=\"elementor-element elementor-element-2b90980 elementor-widget elementor-widget-thim-ekits-page-title\" data-id=\"2b90980\" data-element_type=\"widget\" data-e-type=\"widget\" data-widget_type=\"thim-ekits-page-title.default\">\n\t\t\t\t<div class=\"elementor-widget-container\">\n\t\t\t\t\t\t\t<div class=\"thim-ekit-page-title\">\n\t\t<h1 class=\"page-title\">Archivos<\/h1>\t\t<\/div>\n\t\t\t\t\t\t<\/div>\n\t\t\t\t<\/div>\n\t\t\t\t<\/div>\n\t\t\t\t\t<\/div>\n\t\t\t\t<\/div>\n\t\t<div class=\"elementor-element elementor-element-20cf73e e-flex e-con-boxed e-con e-parent\" data-id=\"20cf73e\" data-element_type=\"container\" data-e-type=\"container\">\n\t\t\t\t\t<div class=\"e-con-inner\">\n\t\t<div class=\"elementor-element elementor-element-65346f0 e-con-full e-flex e-con e-child\" data-id=\"65346f0\" data-element_type=\"container\" data-e-type=\"container\">\n\t\t\t\t<div class=\"elementor-element elementor-element-1580908 elementor-widget__width-initial elementor-widget elementor-widget-heading\" data-id=\"1580908\" data-element_type=\"widget\" data-e-type=\"widget\" data-widget_type=\"heading.default\">\n\t\t\t\t\t<h2 class=\"elementor-heading-title elementor-size-default\">RESE\u00d1A<\/h2>\t\t\t\t<\/div>\n\t\t\t\t<div class=\"elementor-element elementor-element-82af449 elementor-widget elementor-widget-text-editor\" data-id=\"82af449\" data-element_type=\"widget\" data-e-type=\"widget\" data-widget_type=\"text-editor.default\">\n\t\t\t\t\t\t\t\t\t<p>Reef To Reef Restoration Panam\u00e1 nace en 2018 como una iniciativa cient\u00edfica dedicada a la restauraci\u00f3n de arrecifes de coral en el Parque Nacional Portobelo, a trav\u00e9s de una colaboraci\u00f3n entre la Universidad Mar\u00edtima Internacional de Panam\u00e1 (UMIP) y SCUBAPANAMA. Desde sus inicios, la organizaci\u00f3n ha trabajado en la implementaci\u00f3n de soluciones basadas en la ciencia para responder a la degradaci\u00f3n de los ecosistemas coralinos y contribuir a la protecci\u00f3n del entorno marino.<\/p><p>Impulsada por el compromiso con la conservaci\u00f3n y el creciente inter\u00e9s de la sociedad y del sector mar\u00edtimo, Reef To Reef Restoration Panam\u00e1 evoluciona como una plataforma que integra la investigaci\u00f3n cient\u00edfica, la restauraci\u00f3n activa de arrecifes y la educaci\u00f3n ambiental. Su trabajo busca no solo recuperar ecosistemas marinos esenciales, sino tambi\u00e9n fortalecer la resiliencia de la biodiversidad frente al cambio clim\u00e1tico y otras amenazas ambientales.<\/p><p>A trav\u00e9s de la colaboraci\u00f3n con instituciones, empresas y comunidades, la organizaci\u00f3n promueve un modelo de conservaci\u00f3n que conecta la ciencia con la acci\u00f3n, contribuyendo a la sostenibilidad del oc\u00e9ano y fomentando una mayor conciencia sobre la importancia de proteger los arrecifes de coral como ecosistemas fundamentales para el equilibrio del planeta.<\/p><p>Reef To Reef Restoration Panam\u00e1 trabaja con la convicci\u00f3n de que la restauraci\u00f3n de los arrecifes no solo protege la biodiversidad, sino que tambi\u00e9n contribuye al futuro sostenible de los oc\u00e9anos y de las generaciones que dependen de ellos.<\/p>\t\t\t\t\t\t\t\t<\/div>\n\t\t\t\t<\/div>\n\t\t<div class=\"elementor-element elementor-element-317e57d e-con-full e-flex e-con e-child\" data-id=\"317e57d\" data-element_type=\"container\" data-e-type=\"container\">\n\t\t\t\t<div class=\"elementor-element elementor-element-764b32b elementor-widget elementor-widget-image-carousel\" data-id=\"764b32b\" data-element_type=\"widget\" data-e-type=\"widget\" data-settings=\"{&quot;slides_to_show&quot;:&quot;1&quot;,&quot;navigation&quot;:&quot;none&quot;,&quot;effect&quot;:&quot;fade&quot;,&quot;autoplay&quot;:&quot;yes&quot;,&quot;autoplay_speed&quot;:5000,&quot;infinite&quot;:&quot;yes&quot;,&quot;speed&quot;:500}\" data-widget_type=\"image-carousel.default\">\n\t\t\t\t\t\t\t<div class=\"elementor-image-carousel-wrapper swiper\" role=\"region\" aria-roledescription=\"carousel\" aria-label=\"Carrusel de im\u00e1genes\" dir=\"ltr\">\n\t\t\t<div class=\"elementor-image-carousel swiper-wrapper\" aria-live=\"off\">\n\t\t\t\t\t\t\t\t<div class=\"swiper-slide\" role=\"group\" aria-roledescription=\"slide\" aria-label=\"1 de 4\"><a data-elementor-open-lightbox=\"yes\" data-elementor-lightbox-slideshow=\"764b32b\" data-elementor-lightbox-title=\"Reef Restoration Panama\" data-e-action-hash=\"#elementor-action%3Aaction%3Dlightbox%26settings%3DeyJpZCI6MTcyMzcsInVybCI6Imh0dHBzOlwvXC93ZWJ6dHVkaW8ucHJvXC9kZW1vc1wvcmVlZnB0eVwvd3AtY29udGVudFwvdXBsb2Fkc1wvMjAyNlwvMDNcL0RfVFJfQm9uYWlyZV8wMDEuanBnIiwic2xpZGVzaG93IjoiNzY0YjMyYiJ9\" href=\"https:\/\/webztudio.pro\/demos\/reefpty\/wp-content\/uploads\/2026\/03\/D_TR_Bonaire_001.jpg\"><figure class=\"swiper-slide-inner\"><img decoding=\"async\" class=\"swiper-slide-image\" src=\"https:\/\/webztudio.pro\/demos\/reefpty\/wp-content\/uploads\/2026\/03\/D_TR_Bonaire_001-500x500.jpg\" alt=\"Reef Restoration Panama\" \/><\/figure><\/a><\/div><div class=\"swiper-slide\" role=\"group\" aria-roledescription=\"slide\" aria-label=\"2 de 4\"><a data-elementor-open-lightbox=\"yes\" data-elementor-lightbox-slideshow=\"764b32b\" data-elementor-lightbox-title=\"Reef Restoration Panama\" data-e-action-hash=\"#elementor-action%3Aaction%3Dlightbox%26settings%3DeyJpZCI6MTcyNDEsInVybCI6Imh0dHBzOlwvXC93ZWJ6dHVkaW8ucHJvXC9kZW1vc1wvcmVlZnB0eVwvd3AtY29udGVudFwvdXBsb2Fkc1wvMjAyNlwvMDNcL0dldHR5SW1hZ2VzLTEyNzkxMTA3NTktZDI4MGNkYzNiMGI4NDJjMmJkZTAyYjhlNWY3MjM4YTguanBnIiwic2xpZGVzaG93IjoiNzY0YjMyYiJ9\" href=\"https:\/\/webztudio.pro\/demos\/reefpty\/wp-content\/uploads\/2026\/03\/GettyImages-1279110759-d280cdc3b0b842c2bde02b8e5f7238a8.jpg\"><figure class=\"swiper-slide-inner\"><img decoding=\"async\" class=\"swiper-slide-image\" src=\"https:\/\/webztudio.pro\/demos\/reefpty\/wp-content\/uploads\/2026\/03\/GettyImages-1279110759-d280cdc3b0b842c2bde02b8e5f7238a8-500x500.jpg\" alt=\"Reef Restoration Panama\" \/><\/figure><\/a><\/div><div class=\"swiper-slide\" role=\"group\" aria-roledescription=\"slide\" aria-label=\"3 de 4\"><a data-elementor-open-lightbox=\"yes\" data-elementor-lightbox-slideshow=\"764b32b\" data-elementor-lightbox-title=\"Reef Restoration Panama\" data-e-action-hash=\"#elementor-action%3Aaction%3Dlightbox%26settings%3DeyJpZCI6MTcyNzIsInVybCI6Imh0dHBzOlwvXC93ZWJ6dHVkaW8ucHJvXC9kZW1vc1wvcmVlZnB0eVwvd3AtY29udGVudFwvdXBsb2Fkc1wvMjAyNlwvMDNcL2NvMS5qcGciLCJzbGlkZXNob3ciOiI3NjRiMzJiIn0%3D\" href=\"https:\/\/webztudio.pro\/demos\/reefpty\/wp-content\/uploads\/2026\/03\/co1.jpg\"><figure class=\"swiper-slide-inner\"><img decoding=\"async\" class=\"swiper-slide-image\" src=\"https:\/\/webztudio.pro\/demos\/reefpty\/wp-content\/uploads\/2026\/03\/co1-500x500.jpg\" alt=\"Reef Restoration Panama\" \/><\/figure><\/a><\/div><div class=\"swiper-slide\" role=\"group\" aria-roledescription=\"slide\" aria-label=\"4 de 4\"><a data-elementor-open-lightbox=\"yes\" data-elementor-lightbox-slideshow=\"764b32b\" data-elementor-lightbox-title=\"Reef Restoration Panama\" data-e-action-hash=\"#elementor-action%3Aaction%3Dlightbox%26settings%3DeyJpZCI6MTcyNzQsInVybCI6Imh0dHBzOlwvXC93ZWJ6dHVkaW8ucHJvXC9kZW1vc1wvcmVlZnB0eVwvd3AtY29udGVudFwvdXBsb2Fkc1wvMjAyNlwvMDNcL2xhLXRpdGFuaWNhLXRhcmVhLWRlLXNhbHZhci1sb3MtY29yYWxlcy1kZWwtbWFyLXJvam8tbG9zLWJvc3F1ZXMtZGVsLW9jZWFuby53ZWJwIiwic2xpZGVzaG93IjoiNzY0YjMyYiJ9\" href=\"https:\/\/webztudio.pro\/demos\/reefpty\/wp-content\/uploads\/2026\/03\/la-titanica-tarea-de-salvar-los-corales-del-mar-rojo-los-bosques-del-oceano.webp\"><figure class=\"swiper-slide-inner\"><img decoding=\"async\" class=\"swiper-slide-image\" src=\"https:\/\/webztudio.pro\/demos\/reefpty\/wp-content\/uploads\/2026\/03\/la-titanica-tarea-de-salvar-los-corales-del-mar-rojo-los-bosques-del-oceano-500x500.webp\" alt=\"Reef Restoration Panama\" \/><\/figure><\/a><\/div>\t\t\t<\/div>\n\t\t\t\t\t\t\t\n\t\t\t\t\t\t\t\t\t<\/div>\n\t\t\t\t\t\t<\/div>\n\t\t\t\t<\/div>\n\t\t\t\t\t<\/div>\n\t\t\t\t<\/div>\n\t\t<div class=\"elementor-element elementor-element-23eab10 e-flex e-con-boxed e-con e-parent\" data-id=\"23eab10\" data-element_type=\"container\" data-e-type=\"container\" data-settings=\"{&quot;background_background&quot;:&quot;classic&quot;}\">\n\t\t\t\t\t<div class=\"e-con-inner\">\n\t\t<div class=\"elementor-element elementor-element-670f9d5 e-con-full e-flex e-con e-child\" data-id=\"670f9d5\" data-element_type=\"container\" data-e-type=\"container\">\n\t\t\t\t<div class=\"elementor-element elementor-element-1fac37b elementor-widget__width-initial elementor-widget elementor-widget-heading\" data-id=\"1fac37b\" data-element_type=\"widget\" data-e-type=\"widget\" data-widget_type=\"heading.default\">\n\t\t\t\t\t<h2 class=\"elementor-heading-title elementor-size-default\">MISI\u00d3N<\/h2>\t\t\t\t<\/div>\n\t\t\t\t<div class=\"elementor-element elementor-element-39e3f90 elementor-widget elementor-widget-text-editor\" data-id=\"39e3f90\" data-element_type=\"widget\" data-e-type=\"widget\" data-widget_type=\"text-editor.default\">\n\t\t\t\t\t\t\t\t\t<p>En <strong>Reef Restoration Panama<\/strong>, restauramos y protegemos arrecifes de coral a trav\u00e9s de la ciencia, la innovaci\u00f3n y la educaci\u00f3n ambiental, impulsando soluciones que generan impacto positivo y duradero en los ecosistemas marinos.<\/p><p>Nuestra labor combina restauraci\u00f3n activa, investigaci\u00f3n, monitoreo y colaboraci\u00f3n estrat\u00e9gica para fortalecer la resiliencia del oc\u00e9ano frente a los desaf\u00edos ambientales de nuestro tiempo. Entendemos que conservar los arrecifes no solo significa recuperar biodiversidad, sino tambi\u00e9n proteger sistemas esenciales para el equilibrio ecol\u00f3gico, la vida marina y el futuro de las comunidades que dependen de ellos.<\/p><p>Trabajamos para convertir la conservaci\u00f3n en acci\u00f3n, conectando conocimiento, compromiso y participaci\u00f3n, con el prop\u00f3sito de inspirar una relaci\u00f3n m\u00e1s consciente, responsable y sostenible con el mar.<\/p>\t\t\t\t\t\t\t\t<\/div>\n\t\t\t\t<\/div>\n\t\t<div class=\"elementor-element elementor-element-cceec69 e-con-full e-flex e-con e-child\" data-id=\"cceec69\" data-element_type=\"container\" data-e-type=\"container\">\n\t\t\t\t<div class=\"elementor-element elementor-element-d27f5c7 elementor-widget__width-initial elementor-widget elementor-widget-heading\" data-id=\"d27f5c7\" data-element_type=\"widget\" data-e-type=\"widget\" data-widget_type=\"heading.default\">\n\t\t\t\t\t<h2 class=\"elementor-heading-title elementor-size-default\">VISI\u00d3N<\/h2>\t\t\t\t<\/div>\n\t\t\t\t<div class=\"elementor-element elementor-element-d3bd1b1 elementor-widget elementor-widget-text-editor\" data-id=\"d3bd1b1\" data-element_type=\"widget\" data-e-type=\"widget\" data-widget_type=\"text-editor.default\">\n\t\t\t\t\t\t\t\t\t<p>So\u00f1amos con un futuro en el que los arrecifes de coral sean protegidos, restaurados y reconocidos como pilares esenciales de la biodiversidad marina y la salud del planeta.<\/p><p>Aspiramos a ser una organizaci\u00f3n l\u00edder en restauraci\u00f3n marina, capaz de articular ciencia, educaci\u00f3n y alianzas estrat\u00e9gicas para impulsar soluciones innovadoras con impacto medible y transformador. Queremos contribuir a una cultura de conservaci\u00f3n en la que el oc\u00e9ano sea entendido no solo como un recurso, sino como un sistema vivo que sostiene equilibrio, vida y futuro.<\/p><p>En <strong>Reef Restoration Panama<\/strong>, visualizamos una nueva generaci\u00f3n de conservaci\u00f3n: m\u00e1s colaborativa, m\u00e1s consciente y m\u00e1s comprometida con la resiliencia del oc\u00e9ano y el bienestar de las pr\u00f3ximas generaciones.<\/p>\t\t\t\t\t\t\t\t<\/div>\n\t\t\t\t<\/div>\n\t\t\t\t\t<\/div>\n\t\t\t\t<\/div>\n\t\t<div class=\"elementor-element elementor-element-27cd1ef e-flex e-con-boxed e-con e-parent\" data-id=\"27cd1ef\" data-element_type=\"container\" data-e-type=\"container\" data-settings=\"{&quot;background_background&quot;:&quot;classic&quot;}\">\n\t\t\t\t\t<div class=\"e-con-inner\">\n\t\t<div class=\"elementor-element elementor-element-81666e2 e-con-full e-flex e-con e-child\" data-id=\"81666e2\" data-element_type=\"container\" data-e-type=\"container\">\n\t\t\t\t<div class=\"elementor-element elementor-element-cc5a4cc elementor-widget__width-initial elementor-widget elementor-widget-thim-ekits-heading\" data-id=\"cc5a4cc\" data-element_type=\"widget\" data-e-type=\"widget\" data-widget_type=\"thim-ekits-heading.default\">\n\t\t\t\t<div class=\"elementor-widget-container\">\n\t\t\t\t\t<div class=\"thim-ekits-heading thim-ekit__heading\"><div class=\"title\">NUESTROS<\/div><\/div>\t\t\t\t<\/div>\n\t\t\t\t<\/div>\n\t\t\t\t<div class=\"elementor-element elementor-element-6af6a38 elementor-widget__width-initial elementor-widget elementor-widget-thim-ekits-heading\" data-id=\"6af6a38\" data-element_type=\"widget\" data-e-type=\"widget\" data-widget_type=\"thim-ekits-heading.default\">\n\t\t\t\t<div class=\"elementor-widget-container\">\n\t\t\t\t\t<div class=\"thim-ekits-heading thim-ekit__heading\"><div class=\"title\">VALORES<\/div><\/div>\t\t\t\t<\/div>\n\t\t\t\t<\/div>\n\t\t\t\t<\/div>\n\t\t<div class=\"elementor-element elementor-element-dc637f3 e-con-full e-flex e-con e-child\" data-id=\"dc637f3\" data-element_type=\"container\" data-e-type=\"container\">\n\t\t<div class=\"elementor-element elementor-element-f98c217 e-con-full e-flex e-con e-child\" data-id=\"f98c217\" data-element_type=\"container\" data-e-type=\"container\" data-settings=\"{&quot;background_background&quot;:&quot;classic&quot;}\">\n\t\t\t\t<div class=\"elementor-element elementor-element-e27fe72 elementor-view-default elementor-widget elementor-widget-icon\" data-id=\"e27fe72\" data-element_type=\"widget\" data-e-type=\"widget\" data-widget_type=\"icon.default\">\n\t\t\t\t\t\t\t<div class=\"elementor-icon-wrapper\">\n\t\t\t<div class=\"elementor-icon\">\n\t\t\t<i aria-hidden=\"true\" class=\"tk tk-microscope2\"><\/i>\t\t\t<\/div>\n\t\t<\/div>\n\t\t\t\t\t\t<\/div>\n\t\t\t\t<div class=\"elementor-element elementor-element-ee70d8d elementor-widget elementor-widget-heading\" data-id=\"ee70d8d\" data-element_type=\"widget\" data-e-type=\"widget\" data-widget_type=\"heading.default\">\n\t\t\t\t\t<h2 class=\"elementor-heading-title elementor-size-default\">Ciencia aplicada<\/h2>\t\t\t\t<\/div>\n\t\t\t\t<div class=\"elementor-element elementor-element-3cb55e0 elementor-widget-divider--view-line elementor-widget elementor-widget-divider\" data-id=\"3cb55e0\" data-element_type=\"widget\" data-e-type=\"widget\" data-widget_type=\"divider.default\">\n\t\t\t\t\t\t\t<div class=\"elementor-divider\">\n\t\t\t<span class=\"elementor-divider-separator\">\n\t\t\t\t\t\t<\/span>\n\t\t<\/div>\n\t\t\t\t\t\t<\/div>\n\t\t\t\t<div class=\"elementor-element elementor-element-993bdd4 elementor-widget__width-initial elementor-widget elementor-widget-text-editor\" data-id=\"993bdd4\" data-element_type=\"widget\" data-e-type=\"widget\" data-widget_type=\"text-editor.default\">\n\t\t\t\t\t\t\t\t\t<p>Convertimos la investigaci\u00f3n y el conocimiento t\u00e9cnico en soluciones efectivas para la protecci\u00f3n de los arrecifes de coral y la salud del entorno marino.<\/p>\t\t\t\t\t\t\t\t<\/div>\n\t\t\t\t<\/div>\n\t\t<div class=\"elementor-element elementor-element-c5c9319 e-con-full e-flex e-con e-child\" data-id=\"c5c9319\" data-element_type=\"container\" data-e-type=\"container\" data-settings=\"{&quot;background_background&quot;:&quot;classic&quot;}\">\n\t\t\t\t<div class=\"elementor-element elementor-element-aebbc9e elementor-view-default elementor-widget elementor-widget-icon\" data-id=\"aebbc9e\" data-element_type=\"widget\" data-e-type=\"widget\" data-widget_type=\"icon.default\">\n\t\t\t\t\t\t\t<div class=\"elementor-icon-wrapper\">\n\t\t\t<div class=\"elementor-icon\">\n\t\t\t<i aria-hidden=\"true\" class=\"tk tk-balance-scale\"><\/i>\t\t\t<\/div>\n\t\t<\/div>\n\t\t\t\t\t\t<\/div>\n\t\t\t\t<div class=\"elementor-element elementor-element-8ce76e2 elementor-widget elementor-widget-heading\" data-id=\"8ce76e2\" data-element_type=\"widget\" data-e-type=\"widget\" data-widget_type=\"heading.default\">\n\t\t\t\t\t<h2 class=\"elementor-heading-title elementor-size-default\">Legislaci\u00f3n<\/h2>\t\t\t\t<\/div>\n\t\t\t\t<div class=\"elementor-element elementor-element-55bbc34 elementor-widget-divider--view-line elementor-widget elementor-widget-divider\" data-id=\"55bbc34\" data-element_type=\"widget\" data-e-type=\"widget\" data-widget_type=\"divider.default\">\n\t\t\t\t\t\t\t<div class=\"elementor-divider\">\n\t\t\t<span class=\"elementor-divider-separator\">\n\t\t\t\t\t\t<\/span>\n\t\t<\/div>\n\t\t\t\t\t\t<\/div>\n\t\t\t\t<div class=\"elementor-element elementor-element-d6f5662 elementor-widget__width-initial elementor-widget elementor-widget-text-editor\" data-id=\"d6f5662\" data-element_type=\"widget\" data-e-type=\"widget\" data-widget_type=\"text-editor.default\">\n\t\t\t\t\t\t\t\t\t<p>Participamos activamente en la creaci\u00f3n y mejora de leyes que fortalecen la protecci\u00f3n ambiental y promueven su correcta aplicaci\u00f3n.<\/p>\t\t\t\t\t\t\t\t<\/div>\n\t\t\t\t<\/div>\n\t\t<div class=\"elementor-element elementor-element-31bb1be e-con-full e-flex e-con e-child\" data-id=\"31bb1be\" data-element_type=\"container\" data-e-type=\"container\" data-settings=\"{&quot;background_background&quot;:&quot;classic&quot;}\">\n\t\t\t\t<div class=\"elementor-element elementor-element-ddc707f elementor-view-default elementor-widget elementor-widget-icon\" data-id=\"ddc707f\" data-element_type=\"widget\" data-e-type=\"widget\" data-widget_type=\"icon.default\">\n\t\t\t\t\t\t\t<div class=\"elementor-icon-wrapper\">\n\t\t\t<div class=\"elementor-icon\">\n\t\t\t<i aria-hidden=\"true\" class=\"tk tk-light-bulb\"><\/i>\t\t\t<\/div>\n\t\t<\/div>\n\t\t\t\t\t\t<\/div>\n\t\t\t\t<div class=\"elementor-element elementor-element-c124fdd elementor-widget elementor-widget-heading\" data-id=\"c124fdd\" data-element_type=\"widget\" data-e-type=\"widget\" data-widget_type=\"heading.default\">\n\t\t\t\t\t<h2 class=\"elementor-heading-title elementor-size-default\">Innovaci\u00f3n<\/h2>\t\t\t\t<\/div>\n\t\t\t\t<div class=\"elementor-element elementor-element-969c839 elementor-widget-divider--view-line elementor-widget elementor-widget-divider\" data-id=\"969c839\" data-element_type=\"widget\" data-e-type=\"widget\" data-widget_type=\"divider.default\">\n\t\t\t\t\t\t\t<div class=\"elementor-divider\">\n\t\t\t<span class=\"elementor-divider-separator\">\n\t\t\t\t\t\t<\/span>\n\t\t<\/div>\n\t\t\t\t\t\t<\/div>\n\t\t\t\t<div class=\"elementor-element elementor-element-eb7fbf8 elementor-widget__width-initial elementor-widget elementor-widget-text-editor\" data-id=\"eb7fbf8\" data-element_type=\"widget\" data-e-type=\"widget\" data-widget_type=\"text-editor.default\">\n\t\t\t\t\t\t\t\t\t<p>Desarrollamos enfoques y herramientas que ampl\u00edan la efectividad, el alcance y la sostenibilidad de nuestras iniciativas.<\/p>\t\t\t\t\t\t\t\t<\/div>\n\t\t\t\t<\/div>\n\t\t\t\t<\/div>\n\t\t<div class=\"elementor-element elementor-element-344e609 e-con-full e-flex e-con e-child\" data-id=\"344e609\" data-element_type=\"container\" data-e-type=\"container\">\n\t\t<div class=\"elementor-element elementor-element-97db2bb e-con-full e-flex e-con e-child\" data-id=\"97db2bb\" data-element_type=\"container\" data-e-type=\"container\" data-settings=\"{&quot;background_background&quot;:&quot;classic&quot;}\">\n\t\t\t\t<div class=\"elementor-element elementor-element-e9763ef elementor-view-default elementor-widget elementor-widget-icon\" data-id=\"e9763ef\" data-element_type=\"widget\" data-e-type=\"widget\" data-widget_type=\"icon.default\">\n\t\t\t\t\t\t\t<div class=\"elementor-icon-wrapper\">\n\t\t\t<div class=\"elementor-icon\">\n\t\t\t<i aria-hidden=\"true\" class=\"tk tk-fish\"><\/i>\t\t\t<\/div>\n\t\t<\/div>\n\t\t\t\t\t\t<\/div>\n\t\t\t\t<div class=\"elementor-element elementor-element-3b19c5c elementor-widget elementor-widget-heading\" data-id=\"3b19c5c\" data-element_type=\"widget\" data-e-type=\"widget\" data-widget_type=\"heading.default\">\n\t\t\t\t\t<h2 class=\"elementor-heading-title elementor-size-default\">Conservaci\u00f3n<\/h2>\t\t\t\t<\/div>\n\t\t\t\t<div class=\"elementor-element elementor-element-cefa72f elementor-widget-divider--view-line elementor-widget elementor-widget-divider\" data-id=\"cefa72f\" data-element_type=\"widget\" data-e-type=\"widget\" data-widget_type=\"divider.default\">\n\t\t\t\t\t\t\t<div class=\"elementor-divider\">\n\t\t\t<span class=\"elementor-divider-separator\">\n\t\t\t\t\t\t<\/span>\n\t\t<\/div>\n\t\t\t\t\t\t<\/div>\n\t\t\t\t<div class=\"elementor-element elementor-element-c0c8646 elementor-widget__width-initial elementor-widget elementor-widget-text-editor\" data-id=\"c0c8646\" data-element_type=\"widget\" data-e-type=\"widget\" data-widget_type=\"text-editor.default\">\n\t\t\t\t\t\t\t\t\t<p>Promovemos acciones concretas orientadas a la protecci\u00f3n de la biodiversidad y al equilibrio de los h\u00e1bitats costeros y marinos.<\/p>\t\t\t\t\t\t\t\t<\/div>\n\t\t\t\t<\/div>\n\t\t<div class=\"elementor-element elementor-element-17146ea e-con-full e-flex e-con e-child\" data-id=\"17146ea\" data-element_type=\"container\" data-e-type=\"container\" data-settings=\"{&quot;background_background&quot;:&quot;classic&quot;}\">\n\t\t\t\t<div class=\"elementor-element elementor-element-b9777cd elementor-view-default elementor-widget elementor-widget-icon\" data-id=\"b9777cd\" data-element_type=\"widget\" data-e-type=\"widget\" data-widget_type=\"icon.default\">\n\t\t\t\t\t\t\t<div class=\"elementor-icon-wrapper\">\n\t\t\t<div class=\"elementor-icon\">\n\t\t\t<i aria-hidden=\"true\" class=\"tk tk-open-book\"><\/i>\t\t\t<\/div>\n\t\t<\/div>\n\t\t\t\t\t\t<\/div>\n\t\t\t\t<div class=\"elementor-element elementor-element-966db82 elementor-widget elementor-widget-heading\" data-id=\"966db82\" data-element_type=\"widget\" data-e-type=\"widget\" data-widget_type=\"heading.default\">\n\t\t\t\t\t<h2 class=\"elementor-heading-title elementor-size-default\">Educaci\u00f3n<\/h2>\t\t\t\t<\/div>\n\t\t\t\t<div class=\"elementor-element elementor-element-1834c58 elementor-widget-divider--view-line elementor-widget elementor-widget-divider\" data-id=\"1834c58\" data-element_type=\"widget\" data-e-type=\"widget\" data-widget_type=\"divider.default\">\n\t\t\t\t\t\t\t<div class=\"elementor-divider\">\n\t\t\t<span class=\"elementor-divider-separator\">\n\t\t\t\t\t\t<\/span>\n\t\t<\/div>\n\t\t\t\t\t\t<\/div>\n\t\t\t\t<div class=\"elementor-element elementor-element-334438f elementor-widget__width-initial elementor-widget elementor-widget-text-editor\" data-id=\"334438f\" data-element_type=\"widget\" data-e-type=\"widget\" data-widget_type=\"text-editor.default\">\n\t\t\t\t\t\t\t\t\t<p>Inspiramos conciencia y participaci\u00f3n a trav\u00e9s del conocimiento y la sensibilizaci\u00f3n ambiental, fortaleciendo el v\u00ednculo entre las personas y el mar.<\/p>\t\t\t\t\t\t\t\t<\/div>\n\t\t\t\t<\/div>\n\t\t<div class=\"elementor-element elementor-element-a1be311 e-con-full e-flex e-con e-child\" data-id=\"a1be311\" data-element_type=\"container\" data-e-type=\"container\" data-settings=\"{&quot;background_background&quot;:&quot;classic&quot;}\">\n\t\t\t\t<div class=\"elementor-element elementor-element-fd9dc4d elementor-view-default elementor-widget elementor-widget-icon\" data-id=\"fd9dc4d\" data-element_type=\"widget\" data-e-type=\"widget\" data-widget_type=\"icon.default\">\n\t\t\t\t\t\t\t<div class=\"elementor-icon-wrapper\">\n\t\t\t<div class=\"elementor-icon\">\n\t\t\t<i aria-hidden=\"true\" class=\"tk tk-handshake\"><\/i>\t\t\t<\/div>\n\t\t<\/div>\n\t\t\t\t\t\t<\/div>\n\t\t\t\t<div class=\"elementor-element elementor-element-a9c82f5 elementor-widget elementor-widget-heading\" data-id=\"a9c82f5\" data-element_type=\"widget\" data-e-type=\"widget\" data-widget_type=\"heading.default\">\n\t\t\t\t\t<h2 class=\"elementor-heading-title elementor-size-default\">Colaboraci\u00f3n<\/h2>\t\t\t\t<\/div>\n\t\t\t\t<div class=\"elementor-element elementor-element-7379b78 elementor-widget-divider--view-line elementor-widget elementor-widget-divider\" data-id=\"7379b78\" data-element_type=\"widget\" data-e-type=\"widget\" data-widget_type=\"divider.default\">\n\t\t\t\t\t\t\t<div class=\"elementor-divider\">\n\t\t\t<span class=\"elementor-divider-separator\">\n\t\t\t\t\t\t<\/span>\n\t\t<\/div>\n\t\t\t\t\t\t<\/div>\n\t\t\t\t<div class=\"elementor-element elementor-element-635cfa5 elementor-widget__width-initial elementor-widget elementor-widget-text-editor\" data-id=\"635cfa5\" data-element_type=\"widget\" data-e-type=\"widget\" data-widget_type=\"text-editor.default\">\n\t\t\t\t\t\t\t\t\t<p>Impulsamos alianzas con comunidades, instituciones, empresas y aliados estrat\u00e9gicos para generar valor compartido y resultados duraderos.<\/p>\t\t\t\t\t\t\t\t<\/div>\n\t\t\t\t<\/div>\n\t\t\t\t<\/div>\n\t\t\t\t\t<\/div>\n\t\t\t\t<\/div>\n\t\t\t\t<\/div>\n\t\t","protected":false},"excerpt":{"rendered":"<p>Archivos<br \/>\nRESE\u00d1A<br \/>\nReef To Reef Restoration Panam\u00e1 nace en 2018 como una iniciativa cient\u00edfica dedicada a la restauraci\u00f3n de arrecifes de coral en el Parque Nacional Portobelo, a trav\u00e9s de <\/p>\n","protected":false},"author":1,"featured_media":0,"parent":0,"menu_order":0,"comment_status":"closed","ping_status":"closed","template":"elementor_header_footer","meta":{"footnotes":""},"class_list":["post-166","page","type-page","status-publish","hentry"],"_links":{"self":[{"href":"https:\/\/webztudio.pro\/demos\/reefpty\/wp-json\/wp\/v2\/pages\/166","targetHints":{"allow":["GET"]}}],"collection":[{"href":"https:\/\/webztudio.pro\/demos\/reefpty\/wp-json\/wp\/v2\/pages"}],"about":[{"href":"https:\/\/webztudio.pro\/demos\/reefpty\/wp-json\/wp\/v2\/types\/page"}],"author":[{"embeddable":true,"href":"https:\/\/webztudio.pro\/demos\/reefpty\/wp-json\/wp\/v2\/users\/1"}],"replies":[{"embeddable":true,"href":"https:\/\/webztudio.pro\/demos\/reefpty\/wp-json\/wp\/v2\/comments?post=166"}],"version-history":[{"count":64,"href":"https:\/\/webztudio.pro\/demos\/reefpty\/wp-json\/wp\/v2\/pages\/166\/revisions"}],"predecessor-version":[{"id":17739,"href":"https:\/\/webztudio.pro\/demos\/reefpty\/wp-json\/wp\/v2\/pages\/166\/revisions\/17739"}],"wp:attachment":[{"href":"https:\/\/webztudio.pro\/demos\/reefpty\/wp-json\/wp\/v2\/media?parent=166"}],"curies":[{"name":"wp","href":"https:\/\/api.w.org\/{rel}","templated":true}]}}