{"id":17074,"date":"2026-03-01T12:09:43","date_gmt":"2026-03-01T17:09:43","guid":{"rendered":"https:\/\/webztudio.pro\/demos\/reefpty\/?page_id=17074"},"modified":"2026-03-02T11:27:01","modified_gmt":"2026-03-02T16:27:01","slug":"donar","status":"publish","type":"page","link":"https:\/\/webztudio.pro\/demos\/reefpty\/donar\/","title":{"rendered":"Donar"},"content":{"rendered":"\t\t<div data-elementor-type=\"wp-page\" data-elementor-id=\"17074\" class=\"elementor elementor-17074\" data-elementor-post-type=\"page\">\n\t\t\t\t<div class=\"elementor-element elementor-element-d7c4e60 e-flex e-con-boxed e-con e-parent\" data-id=\"d7c4e60\" data-element_type=\"container\" data-e-type=\"container\">\n\t\t\t\t\t<div class=\"e-con-inner\">\n\t\t<div class=\"elementor-element elementor-element-76177db e-con-full e-flex e-con e-child\" data-id=\"76177db\" data-element_type=\"container\" data-e-type=\"container\" data-settings=\"{&quot;background_background&quot;:&quot;classic&quot;}\">\n\t\t\t\t<div class=\"elementor-element elementor-element-2b90980 elementor-widget elementor-widget-thim-ekits-page-title\" data-id=\"2b90980\" data-element_type=\"widget\" data-e-type=\"widget\" data-widget_type=\"thim-ekits-page-title.default\">\n\t\t\t\t<div class=\"elementor-widget-container\">\n\t\t\t\t\t\t\t<div class=\"thim-ekit-page-title\">\n\t\t<h1 class=\"page-title\">Archivos<\/h1>\t\t<\/div>\n\t\t\t\t\t\t<\/div>\n\t\t\t\t<\/div>\n\t\t\t\t<\/div>\n\t\t\t\t\t<\/div>\n\t\t\t\t<\/div>\n\t\t<div class=\"elementor-element elementor-element-8fb8084 e-flex e-con-boxed e-con e-parent\" data-id=\"8fb8084\" data-element_type=\"container\" data-e-type=\"container\">\n\t\t\t\t\t<div class=\"e-con-inner\">\n\t\t<div class=\"elementor-element elementor-element-e8afdfd e-con-full e-flex e-con e-child\" data-id=\"e8afdfd\" data-element_type=\"container\" data-e-type=\"container\">\n\t\t\t\t<div class=\"elementor-element elementor-element-fcee723 elementor-widget__width-initial elementor-widget elementor-widget-heading\" data-id=\"fcee723\" data-element_type=\"widget\" data-e-type=\"widget\" data-widget_type=\"heading.default\">\n\t\t\t\t\t<h2 class=\"elementor-heading-title elementor-size-default\">Con tu aporte restauramos arrecifes y protegemos el oc\u00e9ano<\/h2>\t\t\t\t<\/div>\n\t\t\t\t<div class=\"elementor-element elementor-element-0763fbe elementor-widget elementor-widget-text-editor\" data-id=\"0763fbe\" data-element_type=\"widget\" data-e-type=\"widget\" data-widget_type=\"text-editor.default\">\n\t\t\t\t\t\t\t\t\t<p>Tu donaci\u00f3n impulsa directamente la restauraci\u00f3n activa de arrecifes de coral en el Parque Nacional Portobelo. Cada aporte contribuye a la investigaci\u00f3n cient\u00edfica, el monitoreo de colonias de coral y el mantenimiento de viveros marinos que fortalecen la resiliencia de nuestros ecosistemas frente al cambio clim\u00e1tico y otras amenazas ambientales.<\/p>\t\t\t\t\t\t\t\t<\/div>\n\t\t\t\t<div class=\"elementor-element elementor-element-e0bb065 elementor-widget elementor-widget-heading\" data-id=\"e0bb065\" data-element_type=\"widget\" data-e-type=\"widget\" data-widget_type=\"heading.default\">\n\t\t\t\t\t<h2 class=\"elementor-heading-title elementor-size-default\">Invierte en la vida marina del Caribe paname\u00f1o<\/h2>\t\t\t\t<\/div>\n\t\t\t\t<div class=\"elementor-element elementor-element-ccfc279 elementor-widget elementor-widget-text-editor\" data-id=\"ccfc279\" data-element_type=\"widget\" data-e-type=\"widget\" data-widget_type=\"text-editor.default\">\n\t\t\t\t\t\t\t\t\t<p>Gracias a tu apoyo, Reef Restoration Panama puede continuar desarrollando soluciones basadas en la ciencia, educando a nuevas generaciones y colaborando con instituciones y comunidades para generar un impacto ambiental medible y duradero. Donar es formar parte activa de un movimiento que protege la biodiversidad y asegura un futuro sostenible para nuestros oc\u00e9anos.<\/p>\t\t\t\t\t\t\t\t<\/div>\n\t\t\t\t<\/div>\n\t\t<div class=\"elementor-element elementor-element-d671e5d e-con-full e-flex e-con e-child\" data-id=\"d671e5d\" data-element_type=\"container\" data-e-type=\"container\">\n\t\t\t\t<div class=\"elementor-element elementor-element-e974e8c elementor-widget elementor-widget-image\" data-id=\"e974e8c\" data-element_type=\"widget\" data-e-type=\"widget\" data-widget_type=\"image.default\">\n\t\t\t\t\t\t\t\t\t\t\t\t\t\t\t\t<a href=\"https:\/\/webztudio.pro\/demos\/reefpty\/wp-content\/uploads\/2026\/03\/reef_img_8.jpg\" data-elementor-open-lightbox=\"yes\" data-elementor-lightbox-title=\"Reef Restoration Panama\" data-e-action-hash=\"#elementor-action%3Aaction%3Dlightbox%26settings%3DeyJpZCI6MTc0MDQsInVybCI6Imh0dHBzOlwvXC93ZWJ6dHVkaW8ucHJvXC9kZW1vc1wvcmVlZnB0eVwvd3AtY29udGVudFwvdXBsb2Fkc1wvMjAyNlwvMDNcL3JlZWZfaW1nXzguanBnIn0%3D\">\n\t\t\t\t\t\t\t<img fetchpriority=\"high\" decoding=\"async\" width=\"887\" height=\"572\" src=\"https:\/\/webztudio.pro\/demos\/reefpty\/wp-content\/uploads\/2026\/03\/reef_img_8.jpg\" class=\"attachment-full size-full wp-image-17404\" alt=\"\" srcset=\"https:\/\/webztudio.pro\/demos\/reefpty\/wp-content\/uploads\/2026\/03\/reef_img_8.jpg 887w, https:\/\/webztudio.pro\/demos\/reefpty\/wp-content\/uploads\/2026\/03\/reef_img_8-768x495.jpg 768w, https:\/\/webztudio.pro\/demos\/reefpty\/wp-content\/uploads\/2026\/03\/reef_img_8-60x39.jpg 60w, https:\/\/webztudio.pro\/demos\/reefpty\/wp-content\/uploads\/2026\/03\/reef_img_8-320x206.jpg 320w, https:\/\/webztudio.pro\/demos\/reefpty\/wp-content\/uploads\/2026\/03\/reef_img_8-820x529.jpg 820w\" sizes=\"(max-width: 887px) 100vw, 887px\" \/>\t\t\t\t\t\t\t\t<\/a>\n\t\t\t\t\t\t\t\t\t\t\t\t\t\t\t<\/div>\n\t\t\t\t<\/div>\n\t\t\t\t\t<\/div>\n\t\t\t\t<\/div>\n\t\t<div class=\"elementor-element elementor-element-71ec326 e-flex e-con-boxed e-con e-parent\" data-id=\"71ec326\" data-element_type=\"container\" data-e-type=\"container\">\n\t\t\t\t\t<div class=\"e-con-inner\">\n\t\t<div class=\"elementor-element elementor-element-b2672ad e-con-full e-flex e-con e-child\" data-id=\"b2672ad\" data-element_type=\"container\" data-e-type=\"container\" data-settings=\"{&quot;background_background&quot;:&quot;classic&quot;}\">\n\t\t\t\t<div class=\"elementor-element elementor-element-f263236 elementor-widget__width-initial elementor-widget elementor-widget-heading\" data-id=\"f263236\" data-element_type=\"widget\" data-e-type=\"widget\" data-widget_type=\"heading.default\">\n\t\t\t\t\t<h2 class=\"elementor-heading-title elementor-size-default\">Donaci\u00f3n \u00danica<\/h2>\t\t\t\t<\/div>\n\t\t\t\t<div class=\"elementor-element elementor-element-beec230 elementor-widget elementor-widget-heading\" data-id=\"beec230\" data-element_type=\"widget\" data-e-type=\"widget\" data-widget_type=\"heading.default\">\n\t\t\t\t\t<h2 class=\"elementor-heading-title elementor-size-default\">Tarjeta de Cr\u00e9dito o D\u00e9bito \/ Yappy<\/h2>\t\t\t\t<\/div>\n\t\t\t\t<div class=\"elementor-element elementor-element-be2464c elementor-widget elementor-widget-image\" data-id=\"be2464c\" data-element_type=\"widget\" data-e-type=\"widget\" data-widget_type=\"image.default\">\n\t\t\t\t\t\t\t\t\t\t\t\t\t\t\t<img decoding=\"async\" width=\"623\" height=\"159\" src=\"https:\/\/webztudio.pro\/demos\/reefpty\/wp-content\/uploads\/2026\/03\/mastercard-visa-ssl-20241.webp\" class=\"attachment-full size-full wp-image-17069\" alt=\"\" srcset=\"https:\/\/webztudio.pro\/demos\/reefpty\/wp-content\/uploads\/2026\/03\/mastercard-visa-ssl-20241.webp 623w, https:\/\/webztudio.pro\/demos\/reefpty\/wp-content\/uploads\/2026\/03\/mastercard-visa-ssl-20241-60x15.webp 60w, https:\/\/webztudio.pro\/demos\/reefpty\/wp-content\/uploads\/2026\/03\/mastercard-visa-ssl-20241-320x82.webp 320w\" sizes=\"(max-width: 623px) 100vw, 623px\" \/>\t\t\t\t\t\t\t\t\t\t\t\t\t\t\t<\/div>\n\t\t\t\t<div class=\"elementor-element elementor-element-d827953 elementor-widget elementor-widget-shortcode\" data-id=\"d827953\" data-element_type=\"widget\" data-e-type=\"widget\" data-widget_type=\"shortcode.default\">\n\t\t\t\t\t\t\t<div class=\"elementor-shortcode\"><div class=\"widget_wc-donation-widget\" id=\"wc_donation_on_shortcode_17072\"><style>\n\t:root {\n\t\t--wc-bg-color: #F06747;\n\t\t--wc-txt-color: #FFFFFF;\n\t}\n\n\t\t\t\t#wc_donation_on_shortcode_17072 .price-wrapper::before {\n\t\t\t\tbackground: #333333;\n\t\t\t\tcolor: #FFFFFF\t\t\t}\n\n\t\t\t\t\t#wc_donation_on_shortcode_17072 .wc-input-text {\n\t\t\tborder-color: #F06747!important\n\t\t}\n\n\t\t#wc_donation_on_shortcode_17072 .checkmark {\n\t\t\tborder-color: #333333!important\n\t\t}\n\t\t#wc_donation_on_shortcode_17072 .wc-label-radio input:checked ~ .checkmark {\n\t\t\tbackground-color: #333333\t\t}\n\t\t#wc_donation_on_shortcode_17072 .wc-label-radio .checkmark:after {\n\t\t\tborder-color: #FFFFFF!important\n\t\t}\n\t\t#wc_donation_on_shortcode_17072 .wc-label-button {\n\t\t\tborder-color: #F06747!important;\n\t\t\tcolor: #F06747!important\n\t\t}\n\t\t#wc_donation_on_shortcode_17072 label.wc-label-button.wc-active {\n\t\t\tbackground-color: #F06747!important;\n\t\t\tcolor: #FFFFFF!important\n\t\t}\n\t\t#wc_donation_on_shortcode_17072 .wc_progressBarContainer > ul > li.wc_progress div.progressbar {\n\t\t\tbackground: #333333\t\t}\n\t\t<\/style>\n<div class=\"wc-donation-in-action\" data-donation-type=\"both\">\n\t<div class=\"campaign-title\">\n\t\t<h4>Donaci\u00f3n \u00danica<\/h4>\n\t<\/div>\t\n\t<div class=\"block-campaign-thumbnail\">\n\t\t\t\t\t<img decoding=\"async\" width=\"160\" height=\"160\" src=\"https:\/\/webztudio.pro\/demos\/reefpty\/wp-content\/uploads\/2026\/02\/Reef-Turquoise_Png-160x160.png\" class=\"attachment-160x160 size-160x160 wp-post-image\" alt=\"\" srcset=\"https:\/\/webztudio.pro\/demos\/reefpty\/wp-content\/uploads\/2026\/02\/Reef-Turquoise_Png-160x160.png 160w, https:\/\/webztudio.pro\/demos\/reefpty\/wp-content\/uploads\/2026\/02\/Reef-Turquoise_Png-320x320.png 320w, https:\/\/webztudio.pro\/demos\/reefpty\/wp-content\/uploads\/2026\/02\/Reef-Turquoise_Png-100x100.png 100w, https:\/\/webztudio.pro\/demos\/reefpty\/wp-content\/uploads\/2026\/02\/Reef-Turquoise_Png-820x820.png 820w, https:\/\/webztudio.pro\/demos\/reefpty\/wp-content\/uploads\/2026\/02\/Reef-Turquoise_Png-1024x1024.png 1024w, https:\/\/webztudio.pro\/demos\/reefpty\/wp-content\/uploads\/2026\/02\/Reef-Turquoise_Png-150x150.png 150w, https:\/\/webztudio.pro\/demos\/reefpty\/wp-content\/uploads\/2026\/02\/Reef-Turquoise_Png-768x768.png 768w, https:\/\/webztudio.pro\/demos\/reefpty\/wp-content\/uploads\/2026\/02\/Reef-Turquoise_Png-48x48.png 48w, https:\/\/webztudio.pro\/demos\/reefpty\/wp-content\/uploads\/2026\/02\/Reef-Turquoise_Png.png 1080w\" sizes=\"(max-width: 160px) 100vw, 160px\" \/>\t\t\t<\/div>\n\t<div class=\"in-action-elements\">\n\t\t<style>\n\t.dashicons-money-alt:before {\n\t\tfont-size: 36px !important;\n\t\tpadding-bottom: 20px !important;\n\t}\n<\/style>\n<div class=\"row1\">\n\t<h3 class=\"wc-donation-title \">\n\t\t\t\t\u00bfCu\u00e1nto desea donar por hoy?\t<\/h3>\n\t\t\t\t<div class=\"row1\">\n\t\t\t\t\t\t\t\t<label class=\"wc-label-button\" for=\"17072_0_804\">\n\t\t\t\t\t\t<input type=\"radio\" data-id=\"17072_804\" name=\"wc_label_price\" id=\"17072_0_804\" value=\"5.00\">\n\t\t\t\t\t\t\t\t\t\t\t\t$5.00\t\t\t\t\t<\/label>\n\t\t\t\t\t\t\t\t\t\t<label class=\"wc-label-button\" for=\"17072_1_804\">\n\t\t\t\t\t\t<input type=\"radio\" data-id=\"17072_804\" name=\"wc_label_price\" id=\"17072_1_804\" value=\"10.00\">\n\t\t\t\t\t\t\t\t\t\t\t\t$10.00\t\t\t\t\t<\/label>\n\t\t\t\t\t\t\t\t\t\t<label class=\"wc-label-button\" for=\"17072_2_804\">\n\t\t\t\t\t\t<input type=\"radio\" data-id=\"17072_804\" name=\"wc_label_price\" id=\"17072_2_804\" value=\"20.00\">\n\t\t\t\t\t\t\t\t\t\t\t\t$20.00\t\t\t\t\t<\/label>\n\t\t\t\t\t\t\t\t\t\t<label class=\"wc-label-button\" for=\"17072_3_804\">\n\t\t\t\t\t\t<input type=\"radio\" data-id=\"17072_804\" name=\"wc_label_price\" id=\"17072_3_804\" value=\"50.00\">\n\t\t\t\t\t\t\t\t\t\t\t\t$50.00\t\t\t\t\t<\/label>\n\t\t\t\t\t\t\t\t\t\t<label class=\"wc-label-button\" for=\"17072_4_804\">\n\t\t\t\t\t\t<input type=\"radio\" data-id=\"17072_804\" name=\"wc_label_price\" id=\"17072_4_804\" value=\"100.00\">\n\t\t\t\t\t\t\t\t\t\t\t\t$100.00\t\t\t\t\t<\/label>\n\t\t\t\t\t\t\t\t\t\t<label class=\"wc-label-button\" for=\"17072_5_804\">\n\t\t\t\t\t\t<input type=\"radio\" data-id=\"17072_804\" name=\"wc_label_price\" id=\"17072_5_804\" value=\"200.00\">\n\t\t\t\t\t\t\t\t\t\t\t\t$200.00\t\t\t\t\t<\/label>\n\t\t\t\t\t\t\t\t\t\t<label class=\"wc-label-button\" for=\"17072_6_804\">\n\t\t\t\t\t\t<input type=\"radio\" data-id=\"17072_804\" name=\"wc_label_price\" id=\"17072_6_804\" value=\"500.00\">\n\t\t\t\t\t\t\t\t\t\t\t\t$500.00\t\t\t\t\t<\/label>\n\t\t\t\t\t\t\t\t\t<label class=\"wc-label-button\" for=\"wc-donation-other-amount-17072_804\">\n\t\t\t\t\t<input type=\"radio\" data-id=\"17072_804\" name=\"wc_label_price\" id=\"wc-donation-other-amount-17072_804\" value=\"wc-donation-other-amount\">\n\t\t\t\t\tOtro monto\t\t\t\t<\/label>\n\t\t\t\t\t\t\t<\/div>\n\t\t\t\t\t\t\t<div style=\"display:none; margin:0; \" class=\"price-wrapper other-price-wrapper-17072_804 before\" currency=\"&#036;\">\n\t\t\t\t\t<input type=\"text\" data-min=\"1\" data-max=\"9999\" data-campaign_id=\"17072\" data-rand_id=\"804\" style=\"display:none\" Placeholder=\"Ingrese un monto entre 1 - 9999\" class=\"grab-donation wc-input-text wc-donation-f-donation-other-value\" id=\"wc-donation-f-donation-other-value-17072_804\">\n\t\t\t\t<\/div>\n\t\t\t\t<!-- <div class=\"wc-donation-tooltip\" style=\"display: none;\">\n\t\t\t\t\t<span class=\"wc-donation-tooltip-icon\">i<\/span>\n\t\t\t\t\t<span class=\"wc-donation-tooltip-text\">Ingrese un monto entre 1 - 9999<\/span>\n\t\t\t\t<\/div> -->\n\t\t\t\t<input type=\"hidden\" id=\"wc-donation-price-17072_804\" class=\"donate_17072_804\" name=\"wc-donation-price\" value=\"\"><input type=\"hidden\" id=\"wc-donation-cause-17072_804\" class=\"donate_cause_17072_804\" name=\"wc-donation-cause\" value=\"\"><\/div>\n<div class=\"row2\">\n\t\t\n\n\t<input type=\"hidden\" name=\"wc_donation_camp\" id=\"wc_donation_camp_17072_804\" class=\"wc_donation_camp\" value=\"17072\">\n\t<input type=\"hidden\" name=\"wc_rand_id\" class=\"wp_rand\" value=\"804\">\n\t<button class=\"button wc-donation-f-submit-donation\" data-min-value=\"1\" data-max-value=\"9999\" data-type=\"shortcode\" style=\"background-color:#F06747;border-color:#F06747;color:#FFFFFF;\" id='wc-donation-f-submit-donation' value='Donate'>Proceder con Donaci\u00f3n \u00danica<\/button>\n\t<\/div>\n\t<\/div>\n<\/div>\n<div style=\"clear:both;height:1px;\">&nbsp;<\/div>\n<\/div><\/div>\n\t\t\t\t\t\t<\/div>\n\t\t\t\t<\/div>\n\t\t<div class=\"elementor-element elementor-element-4bbc49f e-con-full e-flex e-con e-child\" data-id=\"4bbc49f\" data-element_type=\"container\" data-e-type=\"container\" data-settings=\"{&quot;background_background&quot;:&quot;classic&quot;}\">\n\t\t\t\t<div class=\"elementor-element elementor-element-1198230 elementor-widget__width-initial elementor-widget elementor-widget-heading\" data-id=\"1198230\" data-element_type=\"widget\" data-e-type=\"widget\" data-widget_type=\"heading.default\">\n\t\t\t\t\t<h2 class=\"elementor-heading-title elementor-size-default\">Donaci\u00f3n Recurrente<\/h2>\t\t\t\t<\/div>\n\t\t\t\t<div class=\"elementor-element elementor-element-4020f0c elementor-widget elementor-widget-heading\" data-id=\"4020f0c\" data-element_type=\"widget\" data-e-type=\"widget\" data-widget_type=\"heading.default\">\n\t\t\t\t\t<h2 class=\"elementor-heading-title elementor-size-default\">Tarjeta de Cr\u00e9dito o D\u00e9bito<\/h2>\t\t\t\t<\/div>\n\t\t\t\t<div class=\"elementor-element elementor-element-3ac1d63 elementor-widget elementor-widget-image\" data-id=\"3ac1d63\" data-element_type=\"widget\" data-e-type=\"widget\" data-widget_type=\"image.default\">\n\t\t\t\t\t\t\t\t\t\t\t\t\t\t\t<img decoding=\"async\" width=\"623\" height=\"159\" src=\"https:\/\/webztudio.pro\/demos\/reefpty\/wp-content\/uploads\/2026\/03\/mastercard-visa-ssl-20241.webp\" class=\"attachment-full size-full wp-image-17069\" alt=\"\" srcset=\"https:\/\/webztudio.pro\/demos\/reefpty\/wp-content\/uploads\/2026\/03\/mastercard-visa-ssl-20241.webp 623w, https:\/\/webztudio.pro\/demos\/reefpty\/wp-content\/uploads\/2026\/03\/mastercard-visa-ssl-20241-60x15.webp 60w, https:\/\/webztudio.pro\/demos\/reefpty\/wp-content\/uploads\/2026\/03\/mastercard-visa-ssl-20241-320x82.webp 320w\" sizes=\"(max-width: 623px) 100vw, 623px\" \/>\t\t\t\t\t\t\t\t\t\t\t\t\t\t\t<\/div>\n\t\t\t\t<div class=\"elementor-element elementor-element-e48f7d9 elementor-widget elementor-widget-shortcode\" data-id=\"e48f7d9\" data-element_type=\"widget\" data-e-type=\"widget\" data-widget_type=\"shortcode.default\">\n\t\t\t\t\t\t\t<div class=\"elementor-shortcode\"><div class=\"widget_wc-donation-widget\" id=\"wc_donation_on_shortcode_17068\"><style>\n\t:root {\n\t\t--wc-bg-color: #F06747;\n\t\t--wc-txt-color: #FFFFFF;\n\t}\n\n\t\t\t\t#wc_donation_on_shortcode_17068 .price-wrapper::before {\n\t\t\t\tbackground: #333333;\n\t\t\t\tcolor: #FFFFFF\t\t\t}\n\n\t\t\t\t\t#wc_donation_on_shortcode_17068 .wc-input-text {\n\t\t\tborder-color: #F06747!important\n\t\t}\n\n\t\t#wc_donation_on_shortcode_17068 .checkmark {\n\t\t\tborder-color: #333333!important\n\t\t}\n\t\t#wc_donation_on_shortcode_17068 .wc-label-radio input:checked ~ .checkmark {\n\t\t\tbackground-color: #333333\t\t}\n\t\t#wc_donation_on_shortcode_17068 .wc-label-radio .checkmark:after {\n\t\t\tborder-color: #FFFFFF!important\n\t\t}\n\t\t#wc_donation_on_shortcode_17068 .wc-label-button {\n\t\t\tborder-color: #F06747!important;\n\t\t\tcolor: #F06747!important\n\t\t}\n\t\t#wc_donation_on_shortcode_17068 label.wc-label-button.wc-active {\n\t\t\tbackground-color: #F06747!important;\n\t\t\tcolor: #FFFFFF!important\n\t\t}\n\t\t#wc_donation_on_shortcode_17068 .wc_progressBarContainer > ul > li.wc_progress div.progressbar {\n\t\t\tbackground: #333333\t\t}\n\t\t<\/style>\n<div class=\"wc-donation-in-action\" data-donation-type=\"both\">\n\t<div class=\"campaign-title\">\n\t\t<h4>Donaci\u00f3n Recurrente<\/h4>\n\t<\/div>\t\n\t<div class=\"block-campaign-thumbnail\">\n\t\t\t\t\t<img decoding=\"async\" width=\"160\" height=\"160\" src=\"https:\/\/webztudio.pro\/demos\/reefpty\/wp-content\/uploads\/2026\/02\/Reef-Turquoise_Png-160x160.png\" class=\"attachment-160x160 size-160x160 wp-post-image\" alt=\"\" srcset=\"https:\/\/webztudio.pro\/demos\/reefpty\/wp-content\/uploads\/2026\/02\/Reef-Turquoise_Png-160x160.png 160w, https:\/\/webztudio.pro\/demos\/reefpty\/wp-content\/uploads\/2026\/02\/Reef-Turquoise_Png-320x320.png 320w, https:\/\/webztudio.pro\/demos\/reefpty\/wp-content\/uploads\/2026\/02\/Reef-Turquoise_Png-100x100.png 100w, https:\/\/webztudio.pro\/demos\/reefpty\/wp-content\/uploads\/2026\/02\/Reef-Turquoise_Png-820x820.png 820w, https:\/\/webztudio.pro\/demos\/reefpty\/wp-content\/uploads\/2026\/02\/Reef-Turquoise_Png-1024x1024.png 1024w, https:\/\/webztudio.pro\/demos\/reefpty\/wp-content\/uploads\/2026\/02\/Reef-Turquoise_Png-150x150.png 150w, https:\/\/webztudio.pro\/demos\/reefpty\/wp-content\/uploads\/2026\/02\/Reef-Turquoise_Png-768x768.png 768w, https:\/\/webztudio.pro\/demos\/reefpty\/wp-content\/uploads\/2026\/02\/Reef-Turquoise_Png-48x48.png 48w, https:\/\/webztudio.pro\/demos\/reefpty\/wp-content\/uploads\/2026\/02\/Reef-Turquoise_Png.png 1080w\" sizes=\"(max-width: 160px) 100vw, 160px\" \/>\t\t\t<\/div>\n\t<div class=\"in-action-elements\">\n\t\t<style>\n\t.dashicons-money-alt:before {\n\t\tfont-size: 36px !important;\n\t\tpadding-bottom: 20px !important;\n\t}\n<\/style>\n<div class=\"row1\">\n\t<h3 class=\"wc-donation-title \">\n\t\t\t\t\u00bfCu\u00e1nto desea donar mensualmente?\t<\/h3>\n\t\t\t\t<div class=\"row1\">\n\t\t\t\t\t\t\t\t<label class=\"wc-label-button\" for=\"17068_0_426\">\n\t\t\t\t\t\t<input type=\"radio\" data-id=\"17068_426\" name=\"wc_label_price\" id=\"17068_0_426\" value=\"5.00\">\n\t\t\t\t\t\t\t\t\t\t\t\t$5.00\t\t\t\t\t<\/label>\n\t\t\t\t\t\t\t\t\t\t<label class=\"wc-label-button\" for=\"17068_1_426\">\n\t\t\t\t\t\t<input type=\"radio\" data-id=\"17068_426\" name=\"wc_label_price\" id=\"17068_1_426\" value=\"10.00\">\n\t\t\t\t\t\t\t\t\t\t\t\t$10.00\t\t\t\t\t<\/label>\n\t\t\t\t\t\t\t\t\t\t<label class=\"wc-label-button\" for=\"17068_2_426\">\n\t\t\t\t\t\t<input type=\"radio\" data-id=\"17068_426\" name=\"wc_label_price\" id=\"17068_2_426\" value=\"20.00\">\n\t\t\t\t\t\t\t\t\t\t\t\t$20.00\t\t\t\t\t<\/label>\n\t\t\t\t\t\t\t\t\t\t<label class=\"wc-label-button\" for=\"17068_3_426\">\n\t\t\t\t\t\t<input type=\"radio\" data-id=\"17068_426\" name=\"wc_label_price\" id=\"17068_3_426\" value=\"50.00\">\n\t\t\t\t\t\t\t\t\t\t\t\t$50.00\t\t\t\t\t<\/label>\n\t\t\t\t\t\t\t\t\t\t<label class=\"wc-label-button\" for=\"17068_4_426\">\n\t\t\t\t\t\t<input type=\"radio\" data-id=\"17068_426\" name=\"wc_label_price\" id=\"17068_4_426\" value=\"100.00\">\n\t\t\t\t\t\t\t\t\t\t\t\t$100.00\t\t\t\t\t<\/label>\n\t\t\t\t\t\t\t\t\t\t<label class=\"wc-label-button\" for=\"17068_5_426\">\n\t\t\t\t\t\t<input type=\"radio\" data-id=\"17068_426\" name=\"wc_label_price\" id=\"17068_5_426\" value=\"200.00\">\n\t\t\t\t\t\t\t\t\t\t\t\t$200.00\t\t\t\t\t<\/label>\n\t\t\t\t\t\t\t\t\t\t<label class=\"wc-label-button\" for=\"17068_6_426\">\n\t\t\t\t\t\t<input type=\"radio\" data-id=\"17068_426\" name=\"wc_label_price\" id=\"17068_6_426\" value=\"500.00\">\n\t\t\t\t\t\t\t\t\t\t\t\t$500.00\t\t\t\t\t<\/label>\n\t\t\t\t\t\t\t\t\t<label class=\"wc-label-button\" for=\"wc-donation-other-amount-17068_426\">\n\t\t\t\t\t<input type=\"radio\" data-id=\"17068_426\" name=\"wc_label_price\" id=\"wc-donation-other-amount-17068_426\" value=\"wc-donation-other-amount\">\n\t\t\t\t\tOtro monto\t\t\t\t<\/label>\n\t\t\t\t\t\t\t<\/div>\n\t\t\t\t\t\t\t<div style=\"display:none; margin:0; \" class=\"price-wrapper other-price-wrapper-17068_426 before\" currency=\"&#036;\">\n\t\t\t\t\t<input type=\"text\" data-min=\"1\" data-max=\"9999\" data-campaign_id=\"17068\" data-rand_id=\"426\" style=\"display:none\" Placeholder=\"Ingrese un monto entre 1 - 9999\" class=\"grab-donation wc-input-text wc-donation-f-donation-other-value\" id=\"wc-donation-f-donation-other-value-17068_426\">\n\t\t\t\t<\/div>\n\t\t\t\t<!-- <div class=\"wc-donation-tooltip\" style=\"display: none;\">\n\t\t\t\t\t<span class=\"wc-donation-tooltip-icon\">i<\/span>\n\t\t\t\t\t<span class=\"wc-donation-tooltip-text\">Ingrese un monto entre 1 - 9999<\/span>\n\t\t\t\t<\/div> -->\n\t\t\t\t<input type=\"hidden\" id=\"wc-donation-price-17068_426\" class=\"donate_17068_426\" name=\"wc-donation-price\" value=\"\"><input type=\"hidden\" id=\"wc-donation-cause-17068_426\" class=\"donate_cause_17068_426\" name=\"wc-donation-cause\" value=\"\"><\/div>\n<div class=\"row2\">\n\t\t\n\n\t<input type=\"hidden\" name=\"wc_donation_camp\" id=\"wc_donation_camp_17068_426\" class=\"wc_donation_camp\" value=\"17068\">\n\t<input type=\"hidden\" name=\"wc_rand_id\" class=\"wp_rand\" value=\"426\">\n\t<button class=\"button wc-donation-f-submit-donation\" data-min-value=\"1\" data-max-value=\"9999\" data-type=\"shortcode\" style=\"background-color:#F06747;border-color:#F06747;color:#FFFFFF;\" id='wc-donation-f-submit-donation' value='Donate'>Proceder con Donaci\u00f3n Recurrente<\/button>\n\t<\/div>\n\t<\/div>\n<\/div>\n<div style=\"clear:both;height:1px;\">&nbsp;<\/div>\n<\/div><\/div>\n\t\t\t\t\t\t<\/div>\n\t\t\t\t<\/div>\n\t\t\t\t\t<\/div>\n\t\t\t\t<\/div>\n\t\t<div class=\"elementor-element elementor-element-a2b17f0 e-flex e-con-boxed e-con e-parent\" data-id=\"a2b17f0\" data-element_type=\"container\" data-e-type=\"container\">\n\t\t\t\t\t<div class=\"e-con-inner\">\n\t\t\t\t<div class=\"elementor-element elementor-element-24c05c6 elementor-widget elementor-widget-spacer\" data-id=\"24c05c6\" data-element_type=\"widget\" data-e-type=\"widget\" data-widget_type=\"spacer.default\">\n\t\t\t\t\t\t\t<div class=\"elementor-spacer\">\n\t\t\t<div class=\"elementor-spacer-inner\"><\/div>\n\t\t<\/div>\n\t\t\t\t\t\t<\/div>\n\t\t\t\t\t<\/div>\n\t\t\t\t<\/div>\n\t\t\t\t<\/div>\n\t\t","protected":false},"excerpt":{"rendered":"<p>Archivos<br \/>\nCon tu aporte restauramos arrecifes y protegemos el oc\u00e9ano<br \/>\nTu donaci\u00f3n impulsa directamente la restauraci\u00f3n activa de arrecifes de coral en el Parque Nacional Portobelo. Cada aporte contribuye a <\/p>\n","protected":false},"author":1,"featured_media":0,"parent":0,"menu_order":0,"comment_status":"closed","ping_status":"closed","template":"elementor_header_footer","meta":{"footnotes":""},"class_list":["post-17074","page","type-page","status-publish","hentry"],"_links":{"self":[{"href":"https:\/\/webztudio.pro\/demos\/reefpty\/wp-json\/wp\/v2\/pages\/17074","targetHints":{"allow":["GET"]}}],"collection":[{"href":"https:\/\/webztudio.pro\/demos\/reefpty\/wp-json\/wp\/v2\/pages"}],"about":[{"href":"https:\/\/webztudio.pro\/demos\/reefpty\/wp-json\/wp\/v2\/types\/page"}],"author":[{"embeddable":true,"href":"https:\/\/webztudio.pro\/demos\/reefpty\/wp-json\/wp\/v2\/users\/1"}],"replies":[{"embeddable":true,"href":"https:\/\/webztudio.pro\/demos\/reefpty\/wp-json\/wp\/v2\/comments?post=17074"}],"version-history":[{"count":52,"href":"https:\/\/webztudio.pro\/demos\/reefpty\/wp-json\/wp\/v2\/pages\/17074\/revisions"}],"predecessor-version":[{"id":17418,"href":"https:\/\/webztudio.pro\/demos\/reefpty\/wp-json\/wp\/v2\/pages\/17074\/revisions\/17418"}],"wp:attachment":[{"href":"https:\/\/webztudio.pro\/demos\/reefpty\/wp-json\/wp\/v2\/media?parent=17074"}],"curies":[{"name":"wp","href":"https:\/\/api.w.org\/{rel}","templated":true}]}}