{"id":17397,"date":"2026-03-02T08:55:58","date_gmt":"2026-03-02T13:55:58","guid":{"rendered":"https:\/\/webztudio.pro\/demos\/reefpty\/?page_id=17397"},"modified":"2026-03-02T09:04:03","modified_gmt":"2026-03-02T14:04:03","slug":"voluntariado","status":"publish","type":"page","link":"https:\/\/webztudio.pro\/demos\/reefpty\/voluntariado\/","title":{"rendered":"Voluntariado"},"content":{"rendered":"\t\t<div data-elementor-type=\"wp-page\" data-elementor-id=\"17397\" class=\"elementor elementor-17397\" data-elementor-post-type=\"page\">\n\t\t\t\t<div class=\"elementor-element elementor-element-d7c4e60 e-flex e-con-boxed e-con e-parent\" data-id=\"d7c4e60\" data-element_type=\"container\" data-e-type=\"container\">\n\t\t\t\t\t<div class=\"e-con-inner\">\n\t\t<div class=\"elementor-element elementor-element-76177db e-con-full e-flex e-con e-child\" data-id=\"76177db\" data-element_type=\"container\" data-e-type=\"container\" data-settings=\"{&quot;background_background&quot;:&quot;classic&quot;}\">\n\t\t\t\t<div class=\"elementor-element elementor-element-2b90980 elementor-widget elementor-widget-thim-ekits-page-title\" data-id=\"2b90980\" data-element_type=\"widget\" data-e-type=\"widget\" data-widget_type=\"thim-ekits-page-title.default\">\n\t\t\t\t<div class=\"elementor-widget-container\">\n\t\t\t\t\t\t\t<div class=\"thim-ekit-page-title\">\n\t\t<h1 class=\"page-title\">Archivos<\/h1>\t\t<\/div>\n\t\t\t\t\t\t<\/div>\n\t\t\t\t<\/div>\n\t\t\t\t<\/div>\n\t\t\t\t\t<\/div>\n\t\t\t\t<\/div>\n\t\t<div class=\"elementor-element elementor-element-20cf73e e-flex e-con-boxed e-con e-parent\" data-id=\"20cf73e\" data-element_type=\"container\" data-e-type=\"container\">\n\t\t\t\t\t<div class=\"e-con-inner\">\n\t\t<div class=\"elementor-element elementor-element-65346f0 e-con-full e-flex e-con e-child\" data-id=\"65346f0\" data-element_type=\"container\" data-e-type=\"container\">\n\t\t\t\t<div class=\"elementor-element elementor-element-1580908 elementor-widget__width-initial elementor-widget elementor-widget-heading\" data-id=\"1580908\" data-element_type=\"widget\" data-e-type=\"widget\" data-widget_type=\"heading.default\">\n\t\t\t\t\t<h2 class=\"elementor-heading-title elementor-size-default\">\u00daNETE AL CAMBIO<\/h2>\t\t\t\t<\/div>\n\t\t\t\t<div class=\"elementor-element elementor-element-82af449 elementor-widget elementor-widget-text-editor\" data-id=\"82af449\" data-element_type=\"widget\" data-e-type=\"widget\" data-widget_type=\"text-editor.default\">\n\t\t\t\t\t\t\t\t\t<p>El programa de voluntariado de Reef Restoration Panama ofrece la oportunidad de participar activamente en la restauraci\u00f3n y conservaci\u00f3n de los arrecifes de coral en el Caribe paname\u00f1o. Trabajamos en colaboraci\u00f3n con cient\u00edficos, bi\u00f3logos marinos y especialistas en monitoreo para implementar soluciones basadas en la ciencia que contribuyan a la recuperaci\u00f3n de ecosistemas marinos esenciales.<\/p><p>Nuestros voluntarios se integran en actividades reales de campo que incluyen monitoreo de colonias de coral, mantenimiento de viveros marinos, recolecci\u00f3n de datos y apoyo en procesos de restauraci\u00f3n activa. Cada tarea cumple un prop\u00f3sito espec\u00edfico dentro de proyectos que buscan generar resultados medibles y fortalecer la resiliencia de los arrecifes frente al cambio clim\u00e1tico y otras amenazas ambientales.<\/p><p>Adem\u00e1s de la experiencia pr\u00e1ctica, el voluntariado incorpora espacios de formaci\u00f3n donde los participantes adquieren conocimientos sobre biolog\u00eda coralina, biodiversidad marina y t\u00e9cnicas de investigaci\u00f3n subacu\u00e1tica. Esta combinaci\u00f3n de educaci\u00f3n y acci\u00f3n permite comprender la importancia de cada esfuerzo individual dentro de una estrategia integral de conservaci\u00f3n.<\/p><p>El programa est\u00e1 abierto a personas comprometidas con el medio ambiente, estudiantes, profesionales y amantes del oc\u00e9ano que deseen aportar de manera responsable y consciente. M\u00e1s all\u00e1 de la experiencia t\u00e9cnica, buscamos fomentar una cultura de respeto, colaboraci\u00f3n y compromiso con la sostenibilidad marina.<\/p><p>Ser voluntario en Reef Restoration Panama es formar parte de una comunidad que cree en la acci\u00f3n como motor de cambio. Cada contribuci\u00f3n fortalece la protecci\u00f3n de la biodiversidad, impulsa la investigaci\u00f3n cient\u00edfica y ayuda a construir un futuro en el que los arrecifes de coral sean protegidos, restaurados y valorados como ecosistemas fundamentales para el equilibrio del planeta.<\/p>\t\t\t\t\t\t\t\t<\/div>\n\t\t\t\t<\/div>\n\t\t<div class=\"elementor-element elementor-element-317e57d e-con-full e-flex e-con e-child\" data-id=\"317e57d\" data-element_type=\"container\" data-e-type=\"container\">\n\t\t\t\t<div class=\"elementor-element elementor-element-3b4697a elementor-widget elementor-widget-image\" data-id=\"3b4697a\" data-element_type=\"widget\" data-e-type=\"widget\" data-widget_type=\"image.default\">\n\t\t\t\t\t\t\t\t\t\t\t\t\t\t\t\t<a href=\"https:\/\/webztudio.pro\/demos\/reefpty\/wp-content\/uploads\/2026\/03\/reef_img_6.jpg\" data-elementor-open-lightbox=\"yes\" data-elementor-lightbox-title=\"Reef Restoration Panama\" data-e-action-hash=\"#elementor-action%3Aaction%3Dlightbox%26settings%3DeyJpZCI6MTc0MDIsInVybCI6Imh0dHBzOlwvXC93ZWJ6dHVkaW8ucHJvXC9kZW1vc1wvcmVlZnB0eVwvd3AtY29udGVudFwvdXBsb2Fkc1wvMjAyNlwvMDNcL3JlZWZfaW1nXzYuanBnIn0%3D\">\n\t\t\t\t\t\t\t<img fetchpriority=\"high\" decoding=\"async\" width=\"495\" height=\"832\" src=\"https:\/\/webztudio.pro\/demos\/reefpty\/wp-content\/uploads\/2026\/03\/reef_img_6.jpg\" class=\"attachment-full size-full wp-image-17402\" alt=\"\" srcset=\"https:\/\/webztudio.pro\/demos\/reefpty\/wp-content\/uploads\/2026\/03\/reef_img_6.jpg 495w, https:\/\/webztudio.pro\/demos\/reefpty\/wp-content\/uploads\/2026\/03\/reef_img_6-60x101.jpg 60w, https:\/\/webztudio.pro\/demos\/reefpty\/wp-content\/uploads\/2026\/03\/reef_img_6-320x538.jpg 320w\" sizes=\"(max-width: 495px) 100vw, 495px\" \/>\t\t\t\t\t\t\t\t<\/a>\n\t\t\t\t\t\t\t\t\t\t\t\t\t\t\t<\/div>\n\t\t\t\t<\/div>\n\t\t\t\t\t<\/div>\n\t\t\t\t<\/div>\n\t\t\t\t<\/div>\n\t\t","protected":false},"excerpt":{"rendered":"<p>Archivos<br \/>\n\u00daNETE AL CAMBIO<br \/>\nEl programa de voluntariado de Reef Restoration Panama ofrece la oportunidad de participar activamente en la restauraci\u00f3n y conservaci\u00f3n de los arrecifes de coral en el <\/p>\n","protected":false},"author":1,"featured_media":0,"parent":0,"menu_order":0,"comment_status":"closed","ping_status":"closed","template":"elementor_header_footer","meta":{"footnotes":""},"class_list":["post-17397","page","type-page","status-publish","hentry"],"_links":{"self":[{"href":"https:\/\/webztudio.pro\/demos\/reefpty\/wp-json\/wp\/v2\/pages\/17397","targetHints":{"allow":["GET"]}}],"collection":[{"href":"https:\/\/webztudio.pro\/demos\/reefpty\/wp-json\/wp\/v2\/pages"}],"about":[{"href":"https:\/\/webztudio.pro\/demos\/reefpty\/wp-json\/wp\/v2\/types\/page"}],"author":[{"embeddable":true,"href":"https:\/\/webztudio.pro\/demos\/reefpty\/wp-json\/wp\/v2\/users\/1"}],"replies":[{"embeddable":true,"href":"https:\/\/webztudio.pro\/demos\/reefpty\/wp-json\/wp\/v2\/comments?post=17397"}],"version-history":[{"count":4,"href":"https:\/\/webztudio.pro\/demos\/reefpty\/wp-json\/wp\/v2\/pages\/17397\/revisions"}],"predecessor-version":[{"id":17407,"href":"https:\/\/webztudio.pro\/demos\/reefpty\/wp-json\/wp\/v2\/pages\/17397\/revisions\/17407"}],"wp:attachment":[{"href":"https:\/\/webztudio.pro\/demos\/reefpty\/wp-json\/wp\/v2\/media?parent=17397"}],"curies":[{"name":"wp","href":"https:\/\/api.w.org\/{rel}","templated":true}]}}