{"id":16963,"date":"2026-02-28T16:10:47","date_gmt":"2026-02-28T21:10:47","guid":{"rendered":"https:\/\/webztudio.pro\/demos\/reefpty\/?post_type=product&#038;p=16963"},"modified":"2026-03-02T22:45:08","modified_gmt":"2026-03-03T03:45:08","slug":"jardinero-de-corales-dia-de-semana","status":"publish","type":"product","link":"https:\/\/webztudio.pro\/demos\/reefpty\/producto\/jardinero-de-corales-dia-de-semana\/","title":{"rendered":"Jardinero de Corales (D\u00eda de Semana)"},"content":{"rendered":"<p><strong>Jardinero de Corales por un d\u00eda<\/strong><\/p>\n<ul>\n<li>Buzo sin equipo, 2 tanques. Lunes a jueves: $115 p\/p<\/li>\n<li>Buzo con equipo, 2 tanques. Lunes a jueves: $90 p\/p<\/li>\n<\/ul>\n<p><strong>Requisitos:<\/strong><\/p>\n<ul>\n<li>El buzo debe contar con certificaci\u00f3n Open Water Diver o superior.<\/li>\n<li>Debe poder subir a la embarcaci\u00f3n desde el agua utilizando escaleras.<\/li>\n<li>La \u00faltima inmersi\u00f3n debe haberse realizado m\u00e1ximo 2 meses antes de la expedici\u00f3n.<\/li>\n<\/ul>\n<p>Si el buzo certificado lleva m\u00e1s de 1 a\u00f1o sin bucear, deber\u00e1 realizar un curso de actualizaci\u00f3n (refresher) al menos el d\u00eda previo a la expedici\u00f3n.<\/p>\n<p>Si han pasado m\u00e1s de 2 meses y menos de 1 a\u00f1o, se requiere una inmersi\u00f3n de familiarizaci\u00f3n.<\/p>\n<p>Actividad de esfuerzo f\u00edsico moderado.<\/p>\n<p><strong>Descripci\u00f3n:<\/strong><\/p>\n<p>Acompa\u00f1a a bi\u00f3logos marinos y especialistas en monitoreo y recolecci\u00f3n de datos de coral para ayudar a proteger los arrecifes.<\/p>\n<p>La recolecci\u00f3n de datos es una de las partes m\u00e1s importantes de la conservaci\u00f3n costera y marina.<\/p>\n<p>Forma parte de este equipo especializado y contribuye con informaci\u00f3n clave para la preservaci\u00f3n de estos ecosistemas.<\/p>\n<p><strong>Contenido:<\/strong><\/p>\n<p>Conocimientos b\u00e1sicos sobre corales impartidos por expertos.<\/p>\n<p>Familiarizaci\u00f3n con el equipo de recolecci\u00f3n de datos.<\/p>\n<p>Taller de habilidades de buceo.<\/p>\n<p>2 inmeriones:<\/p>\n<ul>\n<li>1 para recolecci\u00f3n de datos y monitoreo de colonias de coral.<\/li>\n<li>1 para mantenimiento de viveros de coral.<\/li>\n<\/ul>\n<p>Equipo premium completo de buceo.<\/p>\n<p>Inmersiones registradas en el historial del buzo.<\/p>\n<p><strong>Extras:<\/strong><\/p>\n<p>Fot\u00f3grafo subacu\u00e1tico: $25 p\/p (m\u00ednimo 2 personas).<\/p>\n<p>Se entregar\u00e1 material audiovisual sin editar al final del viaje. Traer USB o disco duro.<\/p>\n<p><strong>Alojamiento:<\/strong><\/p>\n<p>Habitaci\u00f3n: $55 (2 hu\u00e9spedes)<br \/>\nCaba\u00f1a: $75 (hasta 5 personas) + 10%<br \/>\n(M\u00ednimo 3 personas \/ M\u00e1ximo 8 personas) Lunes a jueves.<\/p>\n<p><strong>Desglose de costos:<\/strong><\/p>\n<ul>\n<li>Bote: $50<\/li>\n<li>Alquiler de equipo: $28<\/li>\n<li>Tanque: $4<\/li>\n<li>Divemaster: $5 por persona por inmersi\u00f3n<\/li>\n<\/ul>\n<p><strong>Precio estimado: $100.75 por persona<\/strong><\/p>\n<p>(Precio basado en m\u00ednimo 3 hu\u00e9spedes con 2 inmersiones)<\/p>\n","protected":false},"excerpt":{"rendered":"<p><strong>Costos por persona<\/strong><\/p>\n<ul>\n<li>Buzo sin equipo, 2 tanques. Lunes a jueves: $115 p\/p<\/li>\n<li>Buzo con equipo, 2 tanques. Lunes a jueves: $90 p\/p<\/li>\n<\/ul>\n","protected":false},"featured_media":17234,"template":"","meta":[],"product_brand":[],"product_cat":[69],"product_tag":[],"class_list":{"0":"post-16963","1":"product","2":"type-product","3":"status-publish","4":"has-post-thumbnail","6":"product_cat-excursiones","7":"yith_booking_service-cabana","8":"yith_booking_service-fotografo-subacuatico","9":"yith_booking_service-habitacion","11":"first","12":"instock","13":"virtual","14":"sold-individually","15":"purchasable","16":"product-type-booking"},"_links":{"self":[{"href":"https:\/\/webztudio.pro\/demos\/reefpty\/wp-json\/wp\/v2\/product\/16963","targetHints":{"allow":["GET"]}}],"collection":[{"href":"https:\/\/webztudio.pro\/demos\/reefpty\/wp-json\/wp\/v2\/product"}],"about":[{"href":"https:\/\/webztudio.pro\/demos\/reefpty\/wp-json\/wp\/v2\/types\/product"}],"wp:featuredmedia":[{"embeddable":true,"href":"https:\/\/webztudio.pro\/demos\/reefpty\/wp-json\/wp\/v2\/media\/17234"}],"wp:attachment":[{"href":"https:\/\/webztudio.pro\/demos\/reefpty\/wp-json\/wp\/v2\/media?parent=16963"}],"wp:term":[{"taxonomy":"product_brand","embeddable":true,"href":"https:\/\/webztudio.pro\/demos\/reefpty\/wp-json\/wp\/v2\/product_brand?post=16963"},{"taxonomy":"product_cat","embeddable":true,"href":"https:\/\/webztudio.pro\/demos\/reefpty\/wp-json\/wp\/v2\/product_cat?post=16963"},{"taxonomy":"product_tag","embeddable":true,"href":"https:\/\/webztudio.pro\/demos\/reefpty\/wp-json\/wp\/v2\/product_tag?post=16963"}],"curies":[{"name":"wp","href":"https:\/\/api.w.org\/{rel}","templated":true}]}}