{"id":17421,"date":"2026-03-02T20:33:47","date_gmt":"2026-03-03T01:33:47","guid":{"rendered":"https:\/\/webztudio.pro\/demos\/reefpty\/?post_type=product&#038;p=17421"},"modified":"2026-03-02T21:08:22","modified_gmt":"2026-03-03T02:08:22","slug":"excursiones-de-snorkel","status":"publish","type":"product","link":"https:\/\/webztudio.pro\/demos\/reefpty\/producto\/excursiones-de-snorkel\/","title":{"rendered":"Excursiones de Snorkel"},"content":{"rendered":"<p>Duraci\u00f3n: 9:00 a.m. a 2:00 p.m. (5 horas)<\/p>\n<p>Incluye:<\/p>\n<ul>\n<li>Charla de bienvenida por expertos.<\/li>\n<li>Equipo de snorkel.<\/li>\n<li>Snacks: frutas, agua fr\u00eda, caf\u00e9 y dulces.<\/li>\n<\/ul>\n<p>Traer:<\/p>\n<ul>\n<li>Bloqueador solar amigable con arrecifes.<\/li>\n<li>Toalla.<\/li>\n<li>Botella reutilizable.<\/li>\n<li>Propina para el capit\u00e1n.<\/li>\n<li>Actitud positiva.<\/li>\n<\/ul>\n<p>Descripci\u00f3n:<\/p>\n<p>Vive una experiencia \u00fanica explorando arrecifes poco profundos (menos de 8 metros) y apoyando a Reef Restoration Panama en la geolocalizaci\u00f3n de especies de coral en peligro y el monitoreo de biodiversidad.<\/p>\n<p>El equipo brindar\u00e1 orientaci\u00f3n sobre t\u00e9cnicas de recolecci\u00f3n de datos, fundamentales para la toma de decisiones en conservaci\u00f3n.<\/p>\n<p>Es com\u00fan observar peces de colores, rayas, esponjas, delfines ocasionales, manglares, aves marinas, monos y m\u00e1s.<\/p>\n<p>Precio: $65 p\/p + impuestos (m\u00ednimo 4 personas \/ m\u00e1ximo 12 personas)<\/p>\n","protected":false},"excerpt":{"rendered":"<p>Duraci\u00f3n: 9:00 a.m. a 2:00 p.m. (5 horas)<\/p>\n<p>Precio: $65 p\/p + impuestos (m\u00ednimo 4 personas \/ m\u00e1ximo 12 personas)<\/p>\n<p><strong>Incluye:<\/strong><\/p>\n<ul>\n<li>Charla de bienvenida por expertos.<\/li>\n<li>Equipo de snorkel.<\/li>\n<li>Snacks: frutas, agua fr\u00eda, caf\u00e9 y dulces.<\/li>\n<\/ul>\n","protected":false},"featured_media":17427,"template":"","meta":[],"product_brand":[],"product_cat":[69],"product_tag":[],"class_list":{"0":"post-17421","1":"product","2":"type-product","3":"status-publish","4":"has-post-thumbnail","6":"product_cat-excursiones","8":"first","9":"instock","10":"virtual","11":"sold-individually","12":"purchasable","13":"product-type-booking"},"_links":{"self":[{"href":"https:\/\/webztudio.pro\/demos\/reefpty\/wp-json\/wp\/v2\/product\/17421","targetHints":{"allow":["GET"]}}],"collection":[{"href":"https:\/\/webztudio.pro\/demos\/reefpty\/wp-json\/wp\/v2\/product"}],"about":[{"href":"https:\/\/webztudio.pro\/demos\/reefpty\/wp-json\/wp\/v2\/types\/product"}],"wp:featuredmedia":[{"embeddable":true,"href":"https:\/\/webztudio.pro\/demos\/reefpty\/wp-json\/wp\/v2\/media\/17427"}],"wp:attachment":[{"href":"https:\/\/webztudio.pro\/demos\/reefpty\/wp-json\/wp\/v2\/media?parent=17421"}],"wp:term":[{"taxonomy":"product_brand","embeddable":true,"href":"https:\/\/webztudio.pro\/demos\/reefpty\/wp-json\/wp\/v2\/product_brand?post=17421"},{"taxonomy":"product_cat","embeddable":true,"href":"https:\/\/webztudio.pro\/demos\/reefpty\/wp-json\/wp\/v2\/product_cat?post=17421"},{"taxonomy":"product_tag","embeddable":true,"href":"https:\/\/webztudio.pro\/demos\/reefpty\/wp-json\/wp\/v2\/product_tag?post=17421"}],"curies":[{"name":"wp","href":"https:\/\/api.w.org\/{rel}","templated":true}]}}