{"id":17457,"date":"2026-03-02T21:31:20","date_gmt":"2026-03-03T02:31:20","guid":{"rendered":"https:\/\/webztudio.pro\/demos\/reefpty\/?post_type=product&#038;p=17457"},"modified":"2026-03-02T21:54:18","modified_gmt":"2026-03-03T02:54:18","slug":"hijos-del-mar-guest-house","status":"publish","type":"product","link":"https:\/\/webztudio.pro\/demos\/reefpty\/producto\/hijos-del-mar-guest-house\/","title":{"rendered":"Hijos del Mar Guest House"},"content":{"rendered":"<p>Casa de 3 habitaciones (2 camas dobles, 1 litera, 2 ba\u00f1os completos, cocina, sala, terraza frontal, terraza trasera, jard\u00edn con invernadero, sendero al r\u00edo, WiFi Starlink): $160 por noche.<\/p>\n<p>Nota: Los precios pueden ajustarse debido a mejoras continuas.<\/p>\n","protected":false},"excerpt":{"rendered":"<p>Casa de 3 habitaciones (2 camas dobles, 1 litera, 2 ba\u00f1os completos, cocina, sala, terraza frontal, terraza trasera, jard\u00edn con invernadero, sendero al r\u00edo, WiFi Starlink): $160 por noche.<\/p>\n<p>Nota: Los precios pueden ajustarse debido a mejoras continuas.<\/p>\n","protected":false},"featured_media":17434,"template":"","meta":[],"product_brand":[],"product_cat":[95],"product_tag":[],"class_list":{"0":"post-17457","1":"product","2":"type-product","3":"status-publish","4":"has-post-thumbnail","6":"product_cat-alojamiento","8":"first","9":"instock","10":"virtual","11":"sold-individually","12":"purchasable","13":"product-type-booking"},"_links":{"self":[{"href":"https:\/\/webztudio.pro\/demos\/reefpty\/wp-json\/wp\/v2\/product\/17457","targetHints":{"allow":["GET"]}}],"collection":[{"href":"https:\/\/webztudio.pro\/demos\/reefpty\/wp-json\/wp\/v2\/product"}],"about":[{"href":"https:\/\/webztudio.pro\/demos\/reefpty\/wp-json\/wp\/v2\/types\/product"}],"wp:featuredmedia":[{"embeddable":true,"href":"https:\/\/webztudio.pro\/demos\/reefpty\/wp-json\/wp\/v2\/media\/17434"}],"wp:attachment":[{"href":"https:\/\/webztudio.pro\/demos\/reefpty\/wp-json\/wp\/v2\/media?parent=17457"}],"wp:term":[{"taxonomy":"product_brand","embeddable":true,"href":"https:\/\/webztudio.pro\/demos\/reefpty\/wp-json\/wp\/v2\/product_brand?post=17457"},{"taxonomy":"product_cat","embeddable":true,"href":"https:\/\/webztudio.pro\/demos\/reefpty\/wp-json\/wp\/v2\/product_cat?post=17457"},{"taxonomy":"product_tag","embeddable":true,"href":"https:\/\/webztudio.pro\/demos\/reefpty\/wp-json\/wp\/v2\/product_tag?post=17457"}],"curies":[{"name":"wp","href":"https:\/\/api.w.org\/{rel}","templated":true}]}}