{"id":17461,"date":"2026-03-02T21:57:07","date_gmt":"2026-03-03T02:57:07","guid":{"rendered":"https:\/\/webztudio.pro\/demos\/reefpty\/?post_type=product&#038;p=17461"},"modified":"2026-03-02T21:59:39","modified_gmt":"2026-03-03T02:59:39","slug":"scuba-portobelo-hotel-cabana-1","status":"publish","type":"product","link":"https:\/\/webztudio.pro\/demos\/reefpty\/producto\/scuba-portobelo-hotel-cabana-1\/","title":{"rendered":"Scuba Portobelo Hotel (Caba\u00f1a 1)"},"content":{"rendered":"<p>Caba\u00f1a 1: $50 por noche (m\u00e1x. 4 personas)<\/p>\n","protected":false},"excerpt":{"rendered":"<p>Caba\u00f1a 1: $50 por noche (m\u00e1x. 4 personas)<\/p>\n","protected":false},"featured_media":17444,"template":"","meta":[],"product_brand":[],"product_cat":[95],"product_tag":[],"class_list":{"0":"post-17461","1":"product","2":"type-product","3":"status-publish","4":"has-post-thumbnail","6":"product_cat-alojamiento","8":"first","9":"instock","10":"virtual","11":"sold-individually","12":"purchasable","13":"product-type-booking"},"_links":{"self":[{"href":"https:\/\/webztudio.pro\/demos\/reefpty\/wp-json\/wp\/v2\/product\/17461","targetHints":{"allow":["GET"]}}],"collection":[{"href":"https:\/\/webztudio.pro\/demos\/reefpty\/wp-json\/wp\/v2\/product"}],"about":[{"href":"https:\/\/webztudio.pro\/demos\/reefpty\/wp-json\/wp\/v2\/types\/product"}],"wp:featuredmedia":[{"embeddable":true,"href":"https:\/\/webztudio.pro\/demos\/reefpty\/wp-json\/wp\/v2\/media\/17444"}],"wp:attachment":[{"href":"https:\/\/webztudio.pro\/demos\/reefpty\/wp-json\/wp\/v2\/media?parent=17461"}],"wp:term":[{"taxonomy":"product_brand","embeddable":true,"href":"https:\/\/webztudio.pro\/demos\/reefpty\/wp-json\/wp\/v2\/product_brand?post=17461"},{"taxonomy":"product_cat","embeddable":true,"href":"https:\/\/webztudio.pro\/demos\/reefpty\/wp-json\/wp\/v2\/product_cat?post=17461"},{"taxonomy":"product_tag","embeddable":true,"href":"https:\/\/webztudio.pro\/demos\/reefpty\/wp-json\/wp\/v2\/product_tag?post=17461"}],"curies":[{"name":"wp","href":"https:\/\/api.w.org\/{rel}","templated":true}]}}